{"id":10,"date":"2016-12-03T12:45:49","date_gmt":"2016-12-03T11:45:49","guid":{"rendered":"http:\/\/www.bib-bauservice.at\/club\/?page_id=10"},"modified":"2017-07-11T21:46:39","modified_gmt":"2017-07-11T19:46:39","slug":"home","status":"publish","type":"page","link":"https:\/\/www.wolves-carinthia.at\/club\/","title":{"rendered":"Home"},"content":{"rendered":"<div id='av-layout-grid-1'  class='av-layout-grid-container av-av_layout_row-ca8f75f9d7f8714f3f15be56bb531800 entry-content-wrapper main_color av-flex-cells  avia-builder-el-0  el_before_av_masonry_gallery  avia-builder-el-first   container_wrap fullsize'  >\n\n<style type=\"text\/css\" data-created_by=\"avia_inline_auto\" id=\"style-css-av-av_cell_one_half-cd0910ebeba72ebe5c40b3f2cb7fa094\">\n.flex_cell.av-av_cell_one_half-cd0910ebeba72ebe5c40b3f2cb7fa094{\nvertical-align:top;\nheight:500px;\nmin-height:500px;\nbackground-color:#232323;\n}\n.responsive #top #wrap_all .flex_cell.av-av_cell_one_half-cd0910ebeba72ebe5c40b3f2cb7fa094{\npadding:150px 30px 100px 30px !important;\n}\n<\/style>\n<div class='flex_cell av-av_cell_one_half-cd0910ebeba72ebe5c40b3f2cb7fa094 av-gridrow-cell av_one_half no_margin  avia-builder-el-1  el_before_av_cell_one_half  avia-builder-el-first '  ><div class='flex_cell_inner'>\n<style type=\"text\/css\" data-created_by=\"avia_inline_auto\" id=\"style-css-av-av_image-576694275199ffcf3ed1a5449294707e\">\n.avia-image-container.av-av_image-576694275199ffcf3ed1a5449294707e img.avia_image{\nbox-shadow:none;\n}\n.avia-image-container.av-av_image-576694275199ffcf3ed1a5449294707e .av-caption-image-overlay-bg{\nopacity:0.7;\nbackground-color:#000000;\n}\n.avia-image-container.av-av_image-576694275199ffcf3ed1a5449294707e .av-image-caption-overlay-center{\ncolor:#ffffff;\n}\n<\/style>\n<div  class='avia-image-container av-av_image-576694275199ffcf3ed1a5449294707e av-styling- avia_animated_image av-animated-when-visible-95 av-rotateIn avia-align-center  avia-builder-el-2  avia-builder-el-no-sibling  noHover av-overlay-on-hover'   itemprop=\"image\" itemscope=\"itemscope\" itemtype=\"https:\/\/schema.org\/ImageObject\" ><div class=\"avia-image-container-inner\"><div class=\"avia-image-overlay-wrap\"><div class=\"av-image-caption-overlay\"><div class=\"av-caption-image-overlay-bg\"><\/div><div class=\"av-image-caption-overlay-position\"><div class=\"av-image-caption-overlay-center\"><p>Wolves Carinthia<\/p>\n<\/div><\/div><\/div><img fetchpriority=\"high\" class='wp-image-11 avia-img-lazy-loading-not-11 avia_image ' src='https:\/\/www.wolves-carinthia.at\/club\/wp-content\/uploads\/2016\/12\/wolves-logo-500.png' alt='' title='wolves-logo-500'  height=\"572\" width=\"500\"  itemprop=\"thumbnailUrl\"  \/><\/div><\/div><\/div>\n<\/div><\/div>\n<style type=\"text\/css\" data-created_by=\"avia_inline_auto\" id=\"style-css-av-av_cell_one_half-38f7abebbe90efe6a7be794356493a86\">\n.flex_cell.av-av_cell_one_half-38f7abebbe90efe6a7be794356493a86{\nvertical-align:middle;\nheight:500px;\nmin-height:500px;\nbackground-color:#232323;\n}\n.responsive #top #wrap_all .flex_cell.av-av_cell_one_half-38f7abebbe90efe6a7be794356493a86{\npadding:30px 50px 30px 10px !important;\n}\n<\/style>\n<div class='flex_cell av-av_cell_one_half-38f7abebbe90efe6a7be794356493a86 av-gridrow-cell av_one_half no_margin  avia-builder-el-3  el_after_av_cell_one_half  avia-builder-el-last '  ><div class='flex_cell_inner'><p>\n<style type=\"text\/css\" data-created_by=\"avia_inline_auto\" id=\"style-css-av-av_textblock-390b774191aff123fe4f3845b9faf280\">\n#top .av_textblock_section.av-av_textblock-390b774191aff123fe4f3845b9faf280 .avia_textblock{\nfont-size:20px;\ncolor:#f2f2f2;\n}\n<\/style>\n<section  class='av_textblock_section av-av_textblock-390b774191aff123fe4f3845b9faf280 '   itemscope=\"itemscope\" itemtype=\"https:\/\/schema.org\/CreativeWork\" ><div class='avia_textblock av_inherit_color'  itemprop=\"text\" ><p>Welcome to<\/p>\n<h1>Wolves Carinthia<\/h1>\n<\/div><\/section><br \/>\n\n<style type=\"text\/css\" data-created_by=\"avia_inline_auto\" id=\"style-css-av-av_textblock-6a198b7457f3d87576e80cbaec339616\">\n#top .av_textblock_section.av-av_textblock-6a198b7457f3d87576e80cbaec339616 .avia_textblock{\nfont-size:26px;\ncolor:#bcbcbc;\n}\n<\/style>\n<section  class='av_textblock_section av-av_textblock-6a198b7457f3d87576e80cbaec339616 '   itemscope=\"itemscope\" itemtype=\"https:\/\/schema.org\/CreativeWork\" ><div class='avia_textblock av_inherit_color'  itemprop=\"text\" ><p>Der Verein &#8222;<strong>Motorradfahrgemeinschaft MFG Wolves Carinthia<\/strong>&#8220; wurde im J\u00e4nner 2015 gegr\u00fcndet und hat momentan 6 Mitglieder.<\/p>\n<p>Zweck des Vereins sind gemeinsame Ausfahrten und regelm\u00e4\u00dfiges gem\u00fctliches Beisammensein.<\/p>\n<\/div><\/section><\/p>\n<\/div><\/div><\/div>\n<style type=\"text\/css\" data-created_by=\"avia_inline_auto\" id=\"style-css-av-av_masonry_gallery-c23ec94e8fdf795acd4d098711a129c5\">\n#top .av-masonry.av-av_masonry_gallery-c23ec94e8fdf795acd4d098711a129c5{\nbackground-color:#262626;\n}\n<\/style>\n<div id='av-masonry-1' class='av-masonry av-av_masonry_gallery-c23ec94e8fdf795acd4d098711a129c5 noHover av-fixed-size av-large-gap av-hover-overlay- av-masonry-animation-active av-masonry-col-4 av-caption-always av-caption-style- av-masonry-gallery foobox' data-post_id=\"10\"><div class=\"av-masonry-container isotope av-js-disabled\"><div class='av-masonry-entry isotope-item av-masonry-item-no-image '><\/div><a href=\"https:\/\/www.wolves-carinthia.at\/club\/wp-content\/uploads\/2016\/12\/Harley-Davidson-Wolves-Carinthia.jpg\"  aria-label=\"Bild harley-davidson-wolves-carinthia\"  id='av-masonry-1-item-69' data-av-masonry-item='69' class='av-masonry-entry isotope-item post-69 attachment type-attachment status-inherit hentry  av-masonry-item-with-image' title=\"harley-davidson-wolves-carinthia\" alt=\"\"    itemprop=\"thumbnailUrl\" ><div class='av-inner-masonry-sizer'><\/div><figure class='av-inner-masonry main_color'><div class=\"av-masonry-outerimage-container\"><div class='av-masonry-image-container' style=\"background-image: url(https:\/\/www.wolves-carinthia.at\/club\/wp-content\/uploads\/2016\/12\/Harley-Davidson-Wolves-Carinthia-705x397.jpg);\"  title=\"harley-davidson-wolves-carinthia\"  ><\/div><\/div><\/figure><\/a><!--end av-masonry entry--><a href=\"https:\/\/www.wolves-carinthia.at\/club\/wp-content\/uploads\/2016\/12\/Harley-Davidson-883R.jpg\"  aria-label=\"Bild harley-davidson-883r\"  id='av-masonry-1-item-67' data-av-masonry-item='67' class='av-masonry-entry isotope-item post-67 attachment type-attachment status-inherit hentry  av-masonry-item-with-image' title=\"harley-davidson-883r\" alt=\"\"    itemprop=\"thumbnailUrl\" ><div class='av-inner-masonry-sizer'><\/div><figure class='av-inner-masonry main_color'><div class=\"av-masonry-outerimage-container\"><div class='av-masonry-image-container' style=\"background-image: url(https:\/\/www.wolves-carinthia.at\/club\/wp-content\/uploads\/2016\/12\/Harley-Davidson-883R-705x397.jpg);\"  title=\"harley-davidson-883r\"  ><\/div><\/div><\/figure><\/a><!--end av-masonry entry--><a href=\"https:\/\/www.wolves-carinthia.at\/club\/wp-content\/uploads\/2016\/12\/Harley-Davidson-103.jpg\"  aria-label=\"Bild harley-davidson-103\"  id='av-masonry-1-item-66' data-av-masonry-item='66' class='av-masonry-entry isotope-item post-66 attachment type-attachment status-inherit hentry  av-masonry-item-with-image' title=\"harley-davidson-103\" alt=\"\"    itemprop=\"thumbnailUrl\" ><div class='av-inner-masonry-sizer'><\/div><figure class='av-inner-masonry main_color'><div class=\"av-masonry-outerimage-container\"><div class='av-masonry-image-container' style=\"background-image: url(https:\/\/www.wolves-carinthia.at\/club\/wp-content\/uploads\/2016\/12\/Harley-Davidson-103-705x397.jpg);\"  title=\"harley-davidson-103\"  ><\/div><\/div><\/figure><\/a><!--end av-masonry entry--><a href=\"https:\/\/www.wolves-carinthia.at\/club\/wp-content\/uploads\/2016\/12\/Harley-Davidson-Faak.jpg\"  aria-label=\"Bild harley-davidson-faak\"  id='av-masonry-1-item-68' data-av-masonry-item='68' class='av-masonry-entry isotope-item post-68 attachment type-attachment status-inherit hentry  av-masonry-item-with-image' title=\"harley-davidson-faak\" alt=\"\"    itemprop=\"thumbnailUrl\" ><div class='av-inner-masonry-sizer'><\/div><figure class='av-inner-masonry main_color'><div class=\"av-masonry-outerimage-container\"><div class='av-masonry-image-container' style=\"background-image: url(https:\/\/www.wolves-carinthia.at\/club\/wp-content\/uploads\/2016\/12\/Harley-Davidson-Faak-705x397.jpg);\"  title=\"harley-davidson-faak\"  ><\/div><\/div><\/figure><\/a><!--end av-masonry entry--><a href=\"https:\/\/www.wolves-carinthia.at\/club\/wp-content\/uploads\/2016\/12\/Harley-Davidson-1.jpg\"  aria-label=\"Bild harley-davidson\"  id='av-masonry-1-item-70' data-av-masonry-item='70' class='av-masonry-entry isotope-item post-70 attachment type-attachment status-inherit hentry  av-masonry-item-with-image' title=\"harley-davidson\" alt=\"\"    itemprop=\"thumbnailUrl\" ><div class='av-inner-masonry-sizer'><\/div><figure class='av-inner-masonry main_color'><div class=\"av-masonry-outerimage-container\"><div class='av-masonry-image-container' style=\"background-image: url(https:\/\/www.wolves-carinthia.at\/club\/wp-content\/uploads\/2016\/12\/Harley-Davidson-1-705x397.jpg);\"  title=\"harley-davidson\"  ><\/div><\/div><\/figure><\/a><!--end av-masonry entry--><a href=\"https:\/\/www.wolves-carinthia.at\/club\/wp-content\/uploads\/2016\/12\/Harley-Davidson-Softail.jpg\"  aria-label=\"Bild harley-davidson-softail\"  id='av-masonry-1-item-73' data-av-masonry-item='73' class='av-masonry-entry isotope-item post-73 attachment type-attachment status-inherit hentry  av-masonry-item-with-image' title=\"harley-davidson-softail\" alt=\"\"    itemprop=\"thumbnailUrl\" ><div class='av-inner-masonry-sizer'><\/div><figure class='av-inner-masonry main_color'><div class=\"av-masonry-outerimage-container\"><div class='av-masonry-image-container' style=\"background-image: url(https:\/\/www.wolves-carinthia.at\/club\/wp-content\/uploads\/2016\/12\/Harley-Davidson-Softail-705x397.jpg);\"  title=\"harley-davidson-softail\"  ><\/div><\/div><\/figure><\/a><!--end av-masonry entry--><a href=\"https:\/\/www.wolves-carinthia.at\/club\/wp-content\/uploads\/2016\/12\/Harley-Davidson-H-D.jpg\"  aria-label=\"Bild harley-davidson-h-d\"  id='av-masonry-1-item-74' data-av-masonry-item='74' class='av-masonry-entry isotope-item post-74 attachment type-attachment status-inherit hentry  av-masonry-item-with-image' title=\"harley-davidson-h-d\" alt=\"\"    itemprop=\"thumbnailUrl\" ><div class='av-inner-masonry-sizer'><\/div><figure class='av-inner-masonry main_color'><div class=\"av-masonry-outerimage-container\"><div class='av-masonry-image-container' style=\"background-image: url(https:\/\/www.wolves-carinthia.at\/club\/wp-content\/uploads\/2016\/12\/Harley-Davidson-H-D-705x397.jpg);\"  title=\"harley-davidson-h-d\"  ><\/div><\/div><\/figure><\/a><!--end av-masonry entry--><a href=\"https:\/\/www.wolves-carinthia.at\/club\/wp-content\/uploads\/2016\/12\/Harley-Davidson-blue.jpg\"  aria-label=\"Bild Harley Davidson blue\"  id='av-masonry-1-item-194' data-av-masonry-item='194' class='av-masonry-entry isotope-item post-194 attachment type-attachment status-inherit hentry  av-masonry-item-with-image' title=\"Harley Davidson blue\" alt=\"\"    itemprop=\"thumbnailUrl\" ><div class='av-inner-masonry-sizer'><\/div><figure class='av-inner-masonry main_color'><div class=\"av-masonry-outerimage-container\"><div class='av-masonry-image-container' style=\"background-image: url(https:\/\/www.wolves-carinthia.at\/club\/wp-content\/uploads\/2016\/12\/Harley-Davidson-blue-705x397.jpg);\"  title=\"Harley Davidson blue\"  ><\/div><\/div><\/figure><\/a><!--end av-masonry entry--><\/div><\/div><\/p>\n","protected":false},"excerpt":{"rendered":"","protected":false},"author":1,"featured_media":0,"parent":0,"menu_order":0,"comment_status":"closed","ping_status":"closed","template":"","meta":{"footnotes":""},"_links":{"self":[{"href":"https:\/\/www.wolves-carinthia.at\/club\/wp-json\/wp\/v2\/pages\/10"}],"collection":[{"href":"https:\/\/www.wolves-carinthia.at\/club\/wp-json\/wp\/v2\/pages"}],"about":[{"href":"https:\/\/www.wolves-carinthia.at\/club\/wp-json\/wp\/v2\/types\/page"}],"author":[{"embeddable":true,"href":"https:\/\/www.wolves-carinthia.at\/club\/wp-json\/wp\/v2\/users\/1"}],"replies":[{"embeddable":true,"href":"https:\/\/www.wolves-carinthia.at\/club\/wp-json\/wp\/v2\/comments?post=10"}],"version-history":[{"count":48,"href":"https:\/\/www.wolves-carinthia.at\/club\/wp-json\/wp\/v2\/pages\/10\/revisions"}],"predecessor-version":[{"id":634,"href":"https:\/\/www.wolves-carinthia.at\/club\/wp-json\/wp\/v2\/pages\/10\/revisions\/634"}],"wp:attachment":[{"href":"https:\/\/www.wolves-carinthia.at\/club\/wp-json\/wp\/v2\/media?parent=10"}],"curies":[{"name":"wp","href":"https:\/\/api.w.org\/{rel}","templated":true}]}}