{"id":28,"date":"2017-01-10T14:41:47","date_gmt":"2017-01-10T13:41:47","guid":{"rendered":"http:\/\/www.wolves-carinthia.at\/?page_id=28"},"modified":"2024-04-04T10:48:13","modified_gmt":"2024-04-04T08:48:13","slug":"touren","status":"publish","type":"page","link":"https:\/\/www.wolves-carinthia.at\/club\/touren\/","title":{"rendered":"Touren"},"content":{"rendered":"\n<style type=\"text\/css\" data-created_by=\"avia_inline_auto\" id=\"style-css-av-xqao-5e7b49b8abc2a37488d734b1e03ec280\">\n.avia-section.av-xqao-5e7b49b8abc2a37488d734b1e03ec280 .av-extra-border-element .av-extra-border-inner{\nbackground-color:#f7f7f7;\n}\n<\/style>\n<div id='av_section_1'  class='avia-section av-xqao-5e7b49b8abc2a37488d734b1e03ec280 main_color avia-section-large avia-no-shadow  avia-builder-el-0  el_before_av_section  avia-builder-el-first  avia-bg-style-scroll container_wrap fullsize'  ><div class=\"av-section-color-overlay-wrap\"><a href='#next-section' title='' class='scroll-down-link ' aria-hidden='true' data-av_icon='\ue877' data-av_iconfont='entypo-fontello'><\/a><div class='container av-section-cont-open' ><main  role=\"main\" itemprop=\"mainContentOfPage\"  class='template-page content  av-content-full alpha units'><div class='post-entry post-entry-type-page post-entry-28'><div class='entry-content-wrapper clearfix'>\n<section  class='av_textblock_section av-8w3pk-8f01ab2a381117c4588cecd0acdbe80a '   itemscope=\"itemscope\" itemtype=\"https:\/\/schema.org\/CreativeWork\" ><div class='avia_textblock'  itemprop=\"text\" ><h1 style=\"text-align: center;\">Wolves Carinthia &#8211; Cruising Tours<\/h1>\n<\/div><\/section>\n\n<\/div><\/div><\/main><!-- close content main element --><\/div><div class='av-extra-border-element border-extra-diagonal border-extra-diagonal-inverse diagonal-box-shadow'><div class='av-extra-border-outer'><div class='av-extra-border-inner'><\/div><\/div><\/div><\/div><\/div>\n<style type=\"text\/css\" data-created_by=\"avia_inline_auto\" id=\"style-css-av-7tr8c-6b02c599830647580e5eac7dac0d4cea\">\n.avia-section.av-7tr8c-6b02c599830647580e5eac7dac0d4cea{\nbackground-color:#2d2d2d;\nbackground-image:unset;\n}\n<\/style>\n<div id='touren'  class='avia-section av-7tr8c-6b02c599830647580e5eac7dac0d4cea main_color avia-section-large avia-no-shadow  avia-builder-el-2  el_after_av_section  el_before_av_layout_row  avia-bg-style-scroll container_wrap fullsize'  ><div class='container av-section-cont-open' ><div class='template-page content  av-content-full alpha units'><div class='post-entry post-entry-type-page post-entry-28'><div class='entry-content-wrapper clearfix'>\n<div class='flex_column_table av-7kqjg-20d5e24c44ec66e67d0cbf8151b0b342 sc-av_one_third av-equal-height-column-flextable'>\n<style type=\"text\/css\" data-created_by=\"avia_inline_auto\" id=\"style-css-av-7kqjg-20d5e24c44ec66e67d0cbf8151b0b342\">\n.flex_column.av-7kqjg-20d5e24c44ec66e67d0cbf8151b0b342{\nborder-radius:0px 0px 0px 0px;\npadding:20px 20px 20px 20px;\n}\n<\/style>\n<div  class='flex_column av-7kqjg-20d5e24c44ec66e67d0cbf8151b0b342 av_one_third  avia-builder-el-3  el_before_av_three_fifth  avia-builder-el-first  first no_margin flex_column_table_cell av-equal-height-column av-align-top  '     ><style type=\"text\/css\" data-created_by=\"avia_inline_auto\" id=\"style-css-av-6ppn4-cd4e65d172b26caabf189997da5368da\">\n.avia-image-container.av-6ppn4-cd4e65d172b26caabf189997da5368da img.avia_image{\nbox-shadow:none;\n}\n.avia-image-container.av-6ppn4-cd4e65d172b26caabf189997da5368da .av-image-caption-overlay-center{\ncolor:#ffffff;\n}\n<\/style>\n<div  class='avia-image-container av-6ppn4-cd4e65d172b26caabf189997da5368da av-styling-circle avia_animated_image av-animated-when-visible-95 pop-up avia-align-center  avia-builder-el-4  avia-builder-el-no-sibling '   itemprop=\"image\" itemscope=\"itemscope\" itemtype=\"https:\/\/schema.org\/ImageObject\" ><div class=\"avia-image-container-inner\"><div class=\"avia-image-overlay-wrap\"><img fetchpriority=\"high\" class='wp-image-196 avia-img-lazy-loading-not-196 avia_image ' src='https:\/\/www.wolves-carinthia.at\/club\/wp-content\/uploads\/2017\/01\/Harley-Davidson-ride-to-live-300x300.jpg' alt='' title='Harley Davidson ride to live'  height=\"300\" width=\"300\"  itemprop=\"thumbnailUrl\"  \/><\/div><\/div><\/div><\/div>\n<style type=\"text\/css\" data-created_by=\"avia_inline_auto\" id=\"style-css-av-n4tc-1ae29a2a49c74d02eb2c30f534d6c49b\">\n.flex_column.av-n4tc-1ae29a2a49c74d02eb2c30f534d6c49b{\nborder-radius:0px 0px 0px 0px;\npadding:0px 50px 0px 50px;\n}\n<\/style>\n<div  class='flex_column av-n4tc-1ae29a2a49c74d02eb2c30f534d6c49b av_three_fifth  avia-builder-el-5  el_after_av_one_third  avia-builder-el-last  no_margin flex_column_table_cell av-equal-height-column av-align-top  '     ><style type=\"text\/css\" data-created_by=\"avia_inline_auto\" id=\"style-css-av-5r39o-ac23b6be4d1b4f96c59b1e880dce1d83\">\n#top .av_textblock_section.av-5r39o-ac23b6be4d1b4f96c59b1e880dce1d83 .avia_textblock{\ncolor:#fff;\n}\n<\/style>\n<section  class='av_textblock_section av-5r39o-ac23b6be4d1b4f96c59b1e880dce1d83 '   itemscope=\"itemscope\" itemtype=\"https:\/\/schema.org\/CreativeWork\" ><div class='avia_textblock av_inherit_color'  itemprop=\"text\" ><p>Einmal im Jahr fahren wir eine gr\u00f6\u00dfere Tour von 7-10 Tagen. \u00dcber die restliche Saison fahren wir viele kleinere Tagestouren von ca. 150-350 km\u00a0 z.B. \u00d6sterreich-Italien, Slowenien, S\u00fcdtirol.<br \/>\nBevorzugt werden kurvenreiche Bergstra\u00dfen.<\/p>\n<p>In erster Linie steht bei uns das gem\u00fctliche cruisen im Vordergrund mit reichlich Kaffee- und Rauchpausen. Mit eines der wichtigsten Dinge am Tag ist nat\u00fcrlich ein gutes Mittagessen und abschlie\u00dfend am Ende des Tages nach dem Abstellen der Motorr\u00e4der, ein oder zwei gek\u00fchlte Biere.<\/p>\n<p>In den Wintermonaten treffen wir uns regelm\u00e4\u00dfig und machen unter anderen auch mal eine Gl\u00fchwein-Party oder Wintergrillen.<\/p>\n<\/div><\/section><\/div><\/div><!--close column table wrapper. Autoclose: 1 -->\n\n<\/div><\/div><\/div><!-- close content main div --><\/div><\/div><div id='av-layout-grid-1'  class='av-layout-grid-container av-4vgrk-5bca3699708808888427f086ca639800 entry-content-wrapper main_color av-border-top-bottom av-border-cells av-flex-cells  avia-builder-el-7  el_after_av_section  el_before_av_layout_row  grid-row-not-first  container_wrap fullsize'  >\n\n<style type=\"text\/css\" data-created_by=\"avia_inline_auto\" id=\"style-css-av-4gzbc-eb813d398d68d2f6a321ce8bcaec0b14\">\n.flex_cell.av-4gzbc-eb813d398d68d2f6a321ce8bcaec0b14{\nvertical-align:middle;\nheight:300px;\nmin-height:300px;\nbackground:url(https:\/\/www.wolves-carinthia.at\/club\/wp-content\/uploads\/2016\/12\/Harley-Davidson-silver.jpg) 0% 50% no-repeat fixed ;\n}\n.responsive #top #wrap_all .flex_cell.av-4gzbc-eb813d398d68d2f6a321ce8bcaec0b14{\npadding:30px 30px 30px 30px !important;\n}\n<\/style>\n<div class='flex_cell av-4gzbc-eb813d398d68d2f6a321ce8bcaec0b14 av-gridrow-cell av_one_half no_margin  avia-builder-el-8  el_before_av_cell_one_half  avia-builder-el-first '  ><div class='flex_cell_inner'>\n<style type=\"text\/css\" data-created_by=\"avia_inline_auto\" id=\"style-css-av-3npm0-80c78455a64656052e35dbfd7debe58b\">\n#top .avia-animated-number.av-3npm0-80c78455a64656052e35dbfd7debe58b .avia-animated-number-title{\nfont-size:80px;\ncolor:#b95533;\n}\n#top .avia-animated-number.av-3npm0-80c78455a64656052e35dbfd7debe58b .avia-animated-number-content{\nfont-size:40px;\n}\n<\/style>\n<a href='https:\/\/www.wolves-carinthia.at\/club\/touren-2015\/'  title=\"\"  class=\"avia-animated-number av-3npm0-80c78455a64656052e35dbfd7debe58b av-force-default-color avia_animate_when_visible  avia-builder-el-9  avia-builder-el-no-sibling  avia-color-font-custom \" data-timer=\"3000\"><strong class=\"heading avia-animated-number-title\"><span class=\"avia-single-number __av-single-number\" data-number_format=\"\" data-number=\"2015\" data-start_from=\"0\">2015<\/span><\/strong><div class=\"avia-animated-number-content\"><p>Touren<\/p>\n<\/div><\/a>\n<\/div><\/div>\n<style type=\"text\/css\" data-created_by=\"avia_inline_auto\" id=\"style-css-av-3arhg-63595b2ef1ead8a5afe04e2a51a009c3\">\n.flex_cell.av-3arhg-63595b2ef1ead8a5afe04e2a51a009c3{\nvertical-align:middle;\nheight:300px;\nmin-height:300px;\nbackground-color:#42493c;\n}\n.responsive #top #wrap_all .flex_cell.av-3arhg-63595b2ef1ead8a5afe04e2a51a009c3{\npadding:30px 30px 30px 30px !important;\n}\n<\/style>\n<div class='flex_cell av-3arhg-63595b2ef1ead8a5afe04e2a51a009c3 av-gridrow-cell av_one_half no_margin  avia-builder-el-10  el_after_av_cell_one_half  avia-builder-el-last '  ><div class='flex_cell_inner'>\n<style type=\"text\/css\" data-created_by=\"avia_inline_auto\" id=\"style-css-av-2yk20-19475ccd8631a2a2b98ada891e39da97\">\n#top .avia-animated-number.av-2yk20-19475ccd8631a2a2b98ada891e39da97 .avia-animated-number-title{\nfont-size:80px;\n}\n#top .avia-animated-number.av-2yk20-19475ccd8631a2a2b98ada891e39da97 .avia-animated-number-content{\nfont-size:40px;\n}\n<\/style>\n<a href='https:\/\/www.wolves-carinthia.at\/club\/touren-2016\/'  title=\"\"  class=\"avia-animated-number av-2yk20-19475ccd8631a2a2b98ada891e39da97 av-force-default-color avia_animate_when_visible  avia-builder-el-11  avia-builder-el-no-sibling  avia-color-font-light \" data-timer=\"3000\"><strong class=\"heading avia-animated-number-title\"><span class=\"avia-single-number __av-single-number\" data-number_format=\"\" data-number=\"2016\" data-start_from=\"0\">2016<\/span><\/strong><div class=\"avia-animated-number-content\"><p>Touren<\/p>\n<\/div><\/a>\n<\/div><\/div>\n<\/div>\n<div id='av-layout-grid-2'  class='av-layout-grid-container av-4vgrk-7-ee70f2d39c2bd44b38325dffe1404d3e entry-content-wrapper main_color av-border-top-bottom av-border-cells av-flex-cells  avia-builder-el-12  el_after_av_layout_row  el_before_av_layout_row  grid-row-not-first  container_wrap fullsize'  >\n\n<style type=\"text\/css\" data-created_by=\"avia_inline_auto\" id=\"style-css-av-4gzbc-6-3fbd4683f3049f5146f801431f10484e\">\n.flex_cell.av-4gzbc-6-3fbd4683f3049f5146f801431f10484e{\nvertical-align:middle;\nheight:300px;\nmin-height:300px;\nbackground-color:#b95533;\n}\n.responsive #top #wrap_all .flex_cell.av-4gzbc-6-3fbd4683f3049f5146f801431f10484e{\npadding:30px 30px 30px 30px !important;\n}\n<\/style>\n<div class='flex_cell av-4gzbc-6-3fbd4683f3049f5146f801431f10484e av-gridrow-cell av_one_half no_margin  avia-builder-el-13  el_before_av_cell_one_half  avia-builder-el-first '  ><div class='flex_cell_inner'>\n<style type=\"text\/css\" data-created_by=\"avia_inline_auto\" id=\"style-css-av-15x4k-7ca03bbc041d242bd46373974b1d8bb2\">\n#top .avia-animated-number.av-15x4k-7ca03bbc041d242bd46373974b1d8bb2 .avia-animated-number-title{\nfont-size:80px;\n}\n#top .avia-animated-number.av-15x4k-7ca03bbc041d242bd46373974b1d8bb2 .avia-animated-number-content{\nfont-size:40px;\n}\n<\/style>\n<a href='https:\/\/www.wolves-carinthia.at\/club\/touren-2017\/'  title=\"\"  class=\"avia-animated-number av-15x4k-7ca03bbc041d242bd46373974b1d8bb2 av-force-default-color avia_animate_when_visible  avia-builder-el-14  avia-builder-el-no-sibling  avia-color-font-light \" data-timer=\"3000\"><strong class=\"heading avia-animated-number-title\"><span class=\"avia-single-number __av-single-number\" data-number_format=\"\" data-number=\"2017\" data-start_from=\"0\">2017<\/span><\/strong><div class=\"avia-animated-number-content\"><p>Touren<\/p>\n<\/div><\/a>\n<\/div><\/div>\n<style type=\"text\/css\" data-created_by=\"avia_inline_auto\" id=\"style-css-av-3arhg-5-9287eee79b02757583cc412519deba31\">\n.flex_cell.av-3arhg-5-9287eee79b02757583cc412519deba31{\nvertical-align:middle;\nheight:300px;\nmin-height:300px;\nbackground:url(https:\/\/www.wolves-carinthia.at\/club\/wp-content\/uploads\/2016\/12\/Harley-Davidson-Wolves-Carinthia.jpg) 100% 50% no-repeat fixed #42493c;\n}\n.responsive #top #wrap_all .flex_cell.av-3arhg-5-9287eee79b02757583cc412519deba31{\npadding:30px 30px 30px 30px !important;\n}\n<\/style>\n<div class='flex_cell av-3arhg-5-9287eee79b02757583cc412519deba31 av-gridrow-cell av_one_half no_margin  avia-builder-el-15  el_after_av_cell_one_half  avia-builder-el-last '  ><div class='flex_cell_inner'>\n<style type=\"text\/css\" data-created_by=\"avia_inline_auto\" id=\"style-css-av-2yk20-4-8d0889aa5a29d8689a8eaa5aacd042a5\">\n#top .avia-animated-number.av-2yk20-4-8d0889aa5a29d8689a8eaa5aacd042a5 .avia-animated-number-title{\nfont-size:80px;\ncolor:#b95533;\n}\n#top .avia-animated-number.av-2yk20-4-8d0889aa5a29d8689a8eaa5aacd042a5 .avia-animated-number-content{\nfont-size:40px;\n}\n<\/style>\n<a href='https:\/\/www.wolves-carinthia.at\/club\/touren-2018\/'  title=\"\"  class=\"avia-animated-number av-2yk20-4-8d0889aa5a29d8689a8eaa5aacd042a5 av-force-default-color avia_animate_when_visible  avia-builder-el-16  avia-builder-el-no-sibling  avia-color-font-custom \" data-timer=\"3000\"><strong class=\"heading avia-animated-number-title\"><span class=\"avia-single-number __av-single-number\" data-number_format=\"\" data-number=\"2018\" data-start_from=\"0\">2018<\/span><\/strong><div class=\"avia-animated-number-content\"><p>Touren<\/p>\n<\/div><\/a>\n<\/div><\/div>\n<\/div>\n<div id='av-layout-grid-3'  class='av-layout-grid-container av-2351c-e5c534634986826b64828bdeff0e9108 entry-content-wrapper main_color av-border-top-bottom av-border-cells av-flex-cells  avia-builder-el-17  el_after_av_layout_row  avia-builder-el-last  grid-row-not-first  container_wrap fullsize'  >\n\n<style type=\"text\/css\" data-created_by=\"avia_inline_auto\" id=\"style-css-av-4qjo-a14888963fda58714eddc63c8b7c2db4\">\n.flex_cell.av-4qjo-a14888963fda58714eddc63c8b7c2db4{\nvertical-align:middle;\nheight:300px;\nmin-height:300px;\nbackground:url(https:\/\/www.wolves-carinthia.at\/club\/wp-content\/uploads\/2016\/12\/Harley-Davidson-silver.jpg) 0% 50% no-repeat fixed #b95533;\n}\n.responsive #top #wrap_all .flex_cell.av-4qjo-a14888963fda58714eddc63c8b7c2db4{\npadding:30px 30px 30px 30px !important;\n}\n<\/style>\n<div class='flex_cell av-4qjo-a14888963fda58714eddc63c8b7c2db4 av-gridrow-cell av_one_half no_margin  avia-builder-el-18  el_before_av_cell_one_half  avia-builder-el-first '  ><div class='flex_cell_inner'>\n<style type=\"text\/css\" data-created_by=\"avia_inline_auto\" id=\"style-css-av-lukzq0cs-734451dad8f816c72848bfcdd7cc5a8c\">\n#top .avia-animated-number.av-lukzq0cs-734451dad8f816c72848bfcdd7cc5a8c .avia-animated-number-title{\nfont-size:80px;\n}\n#top .avia-animated-number.av-lukzq0cs-734451dad8f816c72848bfcdd7cc5a8c .avia-animated-number-content{\nfont-size:40px;\n}\n<\/style>\n<a href='https:\/\/www.wolves-carinthia.at\/club\/touren-2020\/'  title=\"\"  class=\"avia-animated-number av-lukzq0cs-734451dad8f816c72848bfcdd7cc5a8c av-force-default-color avia_animate_when_visible  avia-builder-el-19  avia-builder-el-no-sibling  avia-color-font-light \" data-timer=\"3000\"><strong class=\"heading avia-animated-number-title\"><span class=\"avia-single-number __av-single-number\" data-number_format=\"\" data-number=\"2020\" data-start_from=\"0\">2020<\/span><\/strong><div class=\"avia-animated-number-content\"><p>Touren<\/p>\n<\/div><\/a>\n<\/div><\/div>\n<style type=\"text\/css\" data-created_by=\"avia_inline_auto\" id=\"style-css-av-11zgk-14a6d64b0a2ffb5026c6a7d74fba72f1\">\n.flex_cell.av-11zgk-14a6d64b0a2ffb5026c6a7d74fba72f1{\nvertical-align:middle;\nheight:300px;\nmin-height:300px;\nbackground:url(https:\/\/www.wolves-carinthia.at\/club\/wp-content\/uploads\/2016\/12\/Harley-Davidson-Wolves-Carinthia.jpg) 100% 50% no-repeat fixed #42493c;\n}\n.responsive #top #wrap_all .flex_cell.av-11zgk-14a6d64b0a2ffb5026c6a7d74fba72f1{\npadding:30px 30px 30px 30px !important;\n}\n<\/style>\n<div class='flex_cell av-11zgk-14a6d64b0a2ffb5026c6a7d74fba72f1 av-gridrow-cell av_one_half no_margin  avia-builder-el-20  el_after_av_cell_one_half  avia-builder-el-last '  ><div class='flex_cell_inner'>\n<style type=\"text\/css\" data-created_by=\"avia_inline_auto\" id=\"style-css-av-lukzqd64-6302860fa08f2495b0de0e74817dec5f\">\n#top .avia-animated-number.av-lukzqd64-6302860fa08f2495b0de0e74817dec5f .avia-animated-number-title{\nfont-size:80px;\ncolor:#b95533;\n}\n#top .avia-animated-number.av-lukzqd64-6302860fa08f2495b0de0e74817dec5f .avia-animated-number-content{\nfont-size:40px;\ncolor:#444444;\n}\n<\/style>\n<a href='https:\/\/www.wolves-carinthia.at\/club\/touren-2021\/'  title=\"\"  class=\"avia-animated-number av-lukzqd64-6302860fa08f2495b0de0e74817dec5f av-force-default-color avia_animate_when_visible  avia-builder-el-21  avia-builder-el-no-sibling  avia-color-font-custom \" data-timer=\"3000\"><strong class=\"heading avia-animated-number-title\"><span class=\"avia-single-number __av-single-number\" data-number_format=\"\" data-number=\"2021\" data-start_from=\"0\">2021<\/span><\/strong><div class=\"avia-animated-number-content\"><p>Touren<\/p>\n<\/div><\/a>\n<\/div><\/div><\/div>\n","protected":false},"excerpt":{"rendered":"","protected":false},"author":1,"featured_media":0,"parent":0,"menu_order":0,"comment_status":"closed","ping_status":"closed","template":"","meta":{"footnotes":""},"_links":{"self":[{"href":"https:\/\/www.wolves-carinthia.at\/club\/wp-json\/wp\/v2\/pages\/28"}],"collection":[{"href":"https:\/\/www.wolves-carinthia.at\/club\/wp-json\/wp\/v2\/pages"}],"about":[{"href":"https:\/\/www.wolves-carinthia.at\/club\/wp-json\/wp\/v2\/types\/page"}],"author":[{"embeddable":true,"href":"https:\/\/www.wolves-carinthia.at\/club\/wp-json\/wp\/v2\/users\/1"}],"replies":[{"embeddable":true,"href":"https:\/\/www.wolves-carinthia.at\/club\/wp-json\/wp\/v2\/comments?post=28"}],"version-history":[{"count":219,"href":"https:\/\/www.wolves-carinthia.at\/club\/wp-json\/wp\/v2\/pages\/28\/revisions"}],"predecessor-version":[{"id":951,"href":"https:\/\/www.wolves-carinthia.at\/club\/wp-json\/wp\/v2\/pages\/28\/revisions\/951"}],"wp:attachment":[{"href":"https:\/\/www.wolves-carinthia.at\/club\/wp-json\/wp\/v2\/media?parent=28"}],"curies":[{"name":"wp","href":"https:\/\/api.w.org\/{rel}","templated":true}]}}